{"id":3559,"date":"2019-10-07T15:13:15","date_gmt":"2019-10-07T15:13:15","guid":{"rendered":"https:\/\/www.umitpaslanmaz.com\/magaza\/?page_id=3559"},"modified":"2019-10-07T15:13:15","modified_gmt":"2019-10-07T15:13:15","slug":"gizlilik-sozlesmesi","status":"publish","type":"page","link":"https:\/\/www.umitpaslanmaz.com\/magaza\/gizlilik-sozlesmesi\/","title":{"rendered":"Gizlilik S\u00f6zle\u015fmesi"},"content":{"rendered":"<p>www.umitpaslanmaz.com internet adresinde kulland\u0131\u011f\u0131n\u0131z ki\u015fisel bilgileriniz koruma alt\u0131ndad\u0131r. \u00dcyelik ve sipari\u015f i\u015flemlerinizi ger\u00e7ekle\u015ftirirken verdi\u011finiz bilgiler SSL g\u00fcvenlik sistemi ile korunmaktad\u0131r. Kredi kart\u0131 bilgileriniz kesinlikle sistemimizde saklanmamaktad\u0131r. \u00dcyelerimizin bilgileri \u00fc\u00e7\u00fcnc\u00fc \u015fah\u0131slar\u0131n m\u00fcdahalesinden \u00f6zenle korunmaktad\u0131r.<\/p>\n<p>&nbsp;<\/p>\n<p>\u00dcmit Paslanmaz \u0130n\u015f.San.Tic.Ltd.\u015eti&#8217;ne ait www.umitpaslanmaz.com internet sitesinden yapt\u0131\u011f\u0131n\u0131z al\u0131\u015fveri\u015flerinize ait bilgileriniz kesinlikle ba\u015fka kurum veya kurulu\u015flarla payla\u015f\u0131lmaz. Sistemimizdeki bilgilerinizi sadece siz g\u00f6rebilir ve de\u011fi\u015ftirebilirsiniz. \u00dc\u00e7\u00fcnc\u00fc \u015fah\u0131slar size ait bilgilere ula\u015famaz veya de\u011fi\u015ftiremezler. \u00dcye bilgileri, ancak resmi makamlarca usul\u00fc dairesinde bu bilgilerin talep edilmesi halinde ve y\u00fcr\u00fcrl\u00fckteki emredici mevzuat h\u00fck\u00fcmleri gere\u011fince resmi makamlara a\u00e7\u0131klama yapmak zorunda oldu\u011fu durumlarda resmi makamlara a\u00e7\u0131klanabilecektir.<\/p>\n<p>&nbsp;<\/p>\n<p>\u00d6deme s\u0131ras\u0131nda girdi\u011finiz kredi kart\u0131 bilgileriniz,3D Secure sistemi ile siz ve bankan\u0131z aras\u0131nda ger\u00e7ekle\u015fmektedir. Kredi kart\u0131 bilgileriniz \u00dcmit Paslanmaz \u0130n\u015f.San.Tic.Ltd.\u015eti taraf\u0131ndan saklanmaz veya kaydedilmez.<\/p>\n<p>&nbsp;<\/p>\n<p>Sistemimize kay\u0131t esnas\u0131nda doldurulmas\u0131 zorunlu olan alanlar, www.umitpaslanmaz.com internet sitesinden yapaca\u011f\u0131n\u0131z al\u0131\u015fveri\u015flerinizde size daha iyi hizmet verebilmek i\u00e7in tutulmaktad\u0131r.<\/p>\n<p>&nbsp;<\/p>\n<p>www.umitpaslanmaz.com internet sitesi m\u00fc\u015fteri izinleri al\u0131nm\u0131\u015f ve segmente edilmi\u015f hedef kitlelerine kampanyalar ile ilgili e-posta ve sms g\u00f6nderebilir.\u00dcye e-posta ve\/veya SMS almaktan vazge\u00e7mek istemesi durumunda \u00fcyelik b\u00f6l\u00fcm\u00fcndeki \u201cBilgilerim\u201d men\u00fcs\u00fcndeki \u201cTercihlerim\u201d k\u0131sm\u0131ndan mail ve\/veya SMS g\u00f6nderim iptal i\u015flemini ger\u00e7ekle\u015ftirebilecektir.<\/p>\n","protected":false},"excerpt":{"rendered":"<p>www.umitpaslanmaz.com internet adresinde kulland\u0131\u011f\u0131n\u0131z ki\u015fisel bilgileriniz koruma alt\u0131ndad\u0131r. \u00dcyelik ve sipari\u015f i\u015flemlerinizi ger\u00e7ekle\u015ftirirken verdi\u011finiz bilgiler SSL g\u00fcvenlik sistemi ile korunmaktad\u0131r. Kredi kart\u0131 bilgileriniz kesinlikle sistemimizde saklanmamaktad\u0131r. \u00dcyelerimizin bilgileri \u00fc\u00e7\u00fcnc\u00fc \u015fah\u0131slar\u0131n m\u00fcdahalesinden \u00f6zenle korunmaktad\u0131r. &nbsp; \u00dcmit Paslanmaz \u0130n\u015f.San.Tic.Ltd.\u015eti&#8217;ne ait www.umitpaslanmaz.com internet sitesinden yapt\u0131\u011f\u0131n\u0131z al\u0131\u015fveri\u015flerinize ait bilgileriniz kesinlikle ba\u015fka kurum veya kurulu\u015flarla payla\u015f\u0131lmaz. Sistemimizdeki bilgilerinizi sadece siz [&#8230;]\n","protected":false},"author":1,"featured_media":0,"parent":0,"menu_order":0,"comment_status":"closed","ping_status":"closed","template":"","meta":{"footnotes":""},"yoast_head":"<!-- This site is optimized with the Yoast SEO plugin v21.5 - https:\/\/yoast.com\/wordpress\/plugins\/seo\/ -->\n<title>Gizlilik S\u00f6zle\u015fmesi - \u00dcmit Paslanmaz<\/title>\n<meta name=\"robots\" content=\"index, follow, max-snippet:-1, max-image-preview:large, max-video-preview:-1\" \/>\n<link rel=\"canonical\" href=\"https:\/\/www.umitpaslanmaz.com\/magaza\/gizlilik-sozlesmesi\/\" \/>\n<meta property=\"og:locale\" content=\"tr_TR\" \/>\n<meta property=\"og:type\" content=\"article\" \/>\n<meta property=\"og:title\" content=\"Gizlilik S\u00f6zle\u015fmesi - \u00dcmit Paslanmaz\" \/>\n<meta property=\"og:description\" content=\"www.umitpaslanmaz.com internet adresinde kulland\u0131\u011f\u0131n\u0131z ki\u015fisel bilgileriniz koruma alt\u0131ndad\u0131r. \u00dcyelik ve sipari\u015f i\u015flemlerinizi ger\u00e7ekle\u015ftirirken verdi\u011finiz bilgiler SSL g\u00fcvenlik sistemi ile korunmaktad\u0131r. Kredi kart\u0131 bilgileriniz kesinlikle sistemimizde saklanmamaktad\u0131r. \u00dcyelerimizin bilgileri \u00fc\u00e7\u00fcnc\u00fc \u015fah\u0131slar\u0131n m\u00fcdahalesinden \u00f6zenle korunmaktad\u0131r. &nbsp; \u00dcmit Paslanmaz \u0130n\u015f.San.Tic.Ltd.\u015eti&#8217;ne ait www.umitpaslanmaz.com internet sitesinden yapt\u0131\u011f\u0131n\u0131z al\u0131\u015fveri\u015flerinize ait bilgileriniz kesinlikle ba\u015fka kurum veya kurulu\u015flarla payla\u015f\u0131lmaz. Sistemimizdeki bilgilerinizi sadece siz [...]\" \/>\n<meta property=\"og:url\" content=\"https:\/\/www.umitpaslanmaz.com\/magaza\/gizlilik-sozlesmesi\/\" \/>\n<meta property=\"og:site_name\" content=\"\u00dcmit Paslanmaz\" \/>\n<meta property=\"article:publisher\" content=\"https:\/\/www.facebook.com\/umitpaslanmaz\/\" \/>\n<meta name=\"twitter:card\" content=\"summary_large_image\" \/>\n<meta name=\"twitter:site\" content=\"@umitpaslanmaz\" \/>\n<meta name=\"twitter:label1\" content=\"Tahmini okuma s\u00fcresi\" \/>\n\t<meta name=\"twitter:data1\" content=\"1 dakika\" \/>\n<script type=\"application\/ld+json\" class=\"yoast-schema-graph\">{\"@context\":\"https:\/\/schema.org\",\"@graph\":[{\"@type\":\"WebPage\",\"@id\":\"https:\/\/www.umitpaslanmaz.com\/magaza\/gizlilik-sozlesmesi\/\",\"url\":\"https:\/\/www.umitpaslanmaz.com\/magaza\/gizlilik-sozlesmesi\/\",\"name\":\"Gizlilik S\u00f6zle\u015fmesi - \u00dcmit Paslanmaz\",\"isPartOf\":{\"@id\":\"https:\/\/www.umitpaslanmaz.com\/magaza\/#website\"},\"datePublished\":\"2019-10-07T15:13:15+00:00\",\"dateModified\":\"2019-10-07T15:13:15+00:00\",\"breadcrumb\":{\"@id\":\"https:\/\/www.umitpaslanmaz.com\/magaza\/gizlilik-sozlesmesi\/#breadcrumb\"},\"inLanguage\":\"tr\",\"potentialAction\":[{\"@type\":\"ReadAction\",\"target\":[\"https:\/\/www.umitpaslanmaz.com\/magaza\/gizlilik-sozlesmesi\/\"]}]},{\"@type\":\"BreadcrumbList\",\"@id\":\"https:\/\/www.umitpaslanmaz.com\/magaza\/gizlilik-sozlesmesi\/#breadcrumb\",\"itemListElement\":[{\"@type\":\"ListItem\",\"position\":1,\"name\":\"Ana sayfa\",\"item\":\"https:\/\/www.umitpaslanmaz.com\/magaza\/\"},{\"@type\":\"ListItem\",\"position\":2,\"name\":\"Gizlilik S\u00f6zle\u015fmesi\"}]},{\"@type\":\"WebSite\",\"@id\":\"https:\/\/www.umitpaslanmaz.com\/magaza\/#website\",\"url\":\"https:\/\/www.umitpaslanmaz.com\/magaza\/\",\"name\":\"\u00dcmit Paslanmaz\",\"description\":\"\",\"potentialAction\":[{\"@type\":\"SearchAction\",\"target\":{\"@type\":\"EntryPoint\",\"urlTemplate\":\"https:\/\/www.umitpaslanmaz.com\/magaza\/?s={search_term_string}\"},\"query-input\":\"required name=search_term_string\"}],\"inLanguage\":\"tr\"}]}<\/script>\n<!-- \/ Yoast SEO plugin. -->","yoast_head_json":{"title":"Gizlilik S\u00f6zle\u015fmesi - \u00dcmit Paslanmaz","robots":{"index":"index","follow":"follow","max-snippet":"max-snippet:-1","max-image-preview":"max-image-preview:large","max-video-preview":"max-video-preview:-1"},"canonical":"https:\/\/www.umitpaslanmaz.com\/magaza\/gizlilik-sozlesmesi\/","og_locale":"tr_TR","og_type":"article","og_title":"Gizlilik S\u00f6zle\u015fmesi - \u00dcmit Paslanmaz","og_description":"www.umitpaslanmaz.com internet adresinde kulland\u0131\u011f\u0131n\u0131z ki\u015fisel bilgileriniz koruma alt\u0131ndad\u0131r. \u00dcyelik ve sipari\u015f i\u015flemlerinizi ger\u00e7ekle\u015ftirirken verdi\u011finiz bilgiler SSL g\u00fcvenlik sistemi ile korunmaktad\u0131r. Kredi kart\u0131 bilgileriniz kesinlikle sistemimizde saklanmamaktad\u0131r. \u00dcyelerimizin bilgileri \u00fc\u00e7\u00fcnc\u00fc \u015fah\u0131slar\u0131n m\u00fcdahalesinden \u00f6zenle korunmaktad\u0131r. &nbsp; \u00dcmit Paslanmaz \u0130n\u015f.San.Tic.Ltd.\u015eti&#8217;ne ait www.umitpaslanmaz.com internet sitesinden yapt\u0131\u011f\u0131n\u0131z al\u0131\u015fveri\u015flerinize ait bilgileriniz kesinlikle ba\u015fka kurum veya kurulu\u015flarla payla\u015f\u0131lmaz. Sistemimizdeki bilgilerinizi sadece siz [...]","og_url":"https:\/\/www.umitpaslanmaz.com\/magaza\/gizlilik-sozlesmesi\/","og_site_name":"\u00dcmit Paslanmaz","article_publisher":"https:\/\/www.facebook.com\/umitpaslanmaz\/","twitter_card":"summary_large_image","twitter_site":"@umitpaslanmaz","twitter_misc":{"Tahmini okuma s\u00fcresi":"1 dakika"},"schema":{"@context":"https:\/\/schema.org","@graph":[{"@type":"WebPage","@id":"https:\/\/www.umitpaslanmaz.com\/magaza\/gizlilik-sozlesmesi\/","url":"https:\/\/www.umitpaslanmaz.com\/magaza\/gizlilik-sozlesmesi\/","name":"Gizlilik S\u00f6zle\u015fmesi - \u00dcmit Paslanmaz","isPartOf":{"@id":"https:\/\/www.umitpaslanmaz.com\/magaza\/#website"},"datePublished":"2019-10-07T15:13:15+00:00","dateModified":"2019-10-07T15:13:15+00:00","breadcrumb":{"@id":"https:\/\/www.umitpaslanmaz.com\/magaza\/gizlilik-sozlesmesi\/#breadcrumb"},"inLanguage":"tr","potentialAction":[{"@type":"ReadAction","target":["https:\/\/www.umitpaslanmaz.com\/magaza\/gizlilik-sozlesmesi\/"]}]},{"@type":"BreadcrumbList","@id":"https:\/\/www.umitpaslanmaz.com\/magaza\/gizlilik-sozlesmesi\/#breadcrumb","itemListElement":[{"@type":"ListItem","position":1,"name":"Ana sayfa","item":"https:\/\/www.umitpaslanmaz.com\/magaza\/"},{"@type":"ListItem","position":2,"name":"Gizlilik S\u00f6zle\u015fmesi"}]},{"@type":"WebSite","@id":"https:\/\/www.umitpaslanmaz.com\/magaza\/#website","url":"https:\/\/www.umitpaslanmaz.com\/magaza\/","name":"\u00dcmit Paslanmaz","description":"","potentialAction":[{"@type":"SearchAction","target":{"@type":"EntryPoint","urlTemplate":"https:\/\/www.umitpaslanmaz.com\/magaza\/?s={search_term_string}"},"query-input":"required name=search_term_string"}],"inLanguage":"tr"}]}},"_links":{"self":[{"href":"https:\/\/www.umitpaslanmaz.com\/magaza\/wp-json\/wp\/v2\/pages\/3559"}],"collection":[{"href":"https:\/\/www.umitpaslanmaz.com\/magaza\/wp-json\/wp\/v2\/pages"}],"about":[{"href":"https:\/\/www.umitpaslanmaz.com\/magaza\/wp-json\/wp\/v2\/types\/page"}],"author":[{"embeddable":true,"href":"https:\/\/www.umitpaslanmaz.com\/magaza\/wp-json\/wp\/v2\/users\/1"}],"replies":[{"embeddable":true,"href":"https:\/\/www.umitpaslanmaz.com\/magaza\/wp-json\/wp\/v2\/comments?post=3559"}],"version-history":[{"count":0,"href":"https:\/\/www.umitpaslanmaz.com\/magaza\/wp-json\/wp\/v2\/pages\/3559\/revisions"}],"wp:attachment":[{"href":"https:\/\/www.umitpaslanmaz.com\/magaza\/wp-json\/wp\/v2\/media?parent=3559"}],"curies":[{"name":"wp","href":"https:\/\/api.w.org\/{rel}","templated":true}]}}