{"id":1644,"date":"2016-08-22T16:18:04","date_gmt":"2016-08-22T16:18:04","guid":{"rendered":"http:\/\/www.umitpaslanmaz.com\/magaza\/?post_type=product&#038;p=1644"},"modified":"2023-11-27T13:53:21","modified_gmt":"2023-11-27T13:53:21","slug":"paslanmaz-kaynakli-tee","status":"publish","type":"product","link":"https:\/\/www.umitpaslanmaz.com\/magaza\/urun\/paslanmaz-kaynakli-tee\/","title":{"rendered":"Paslanmaz Kaynakl\u0131 Tee"},"content":{"rendered":"<p>Paslanmaz kaynakl\u0131 tee, kaynakl\u0131 ba\u011flant\u0131 ile ilerleyen hatlarda hatt\u0131 dalland\u0131rabilmek i\u00e7in kullan\u0131lan ba\u011flant\u0131 eleman\u0131d\u0131r. Paslanmaz teeler \u00bc\u201d ten 12\u201d \u00f6l\u00e7\u00fcs\u00fcne kadar 304 ve 316 kalite olarak stoklar\u0131m\u0131zda bulunmaktad\u0131r.<\/p>\n<p><a href=\"http:\/\/www.umitpaslanmaz.com\/magaza\/wp-content\/uploads\/2016\/08\/esittee.jpg\"><img loading=\"lazy\" decoding=\"async\" class=\"alignnone size-large wp-image-1820\" src=\"http:\/\/www.umitpaslanmaz.com\/magaza\/wp-content\/uploads\/2016\/08\/esittee-806x1024.jpg\" alt=\"esittee\" width=\"806\" height=\"1024\" srcset=\"https:\/\/www.umitpaslanmaz.com\/magaza\/wp-content\/uploads\/2016\/08\/esittee-806x1024.jpg 806w, https:\/\/www.umitpaslanmaz.com\/magaza\/wp-content\/uploads\/2016\/08\/esittee-510x648.jpg 510w, https:\/\/www.umitpaslanmaz.com\/magaza\/wp-content\/uploads\/2016\/08\/esittee-236x300.jpg 236w, https:\/\/www.umitpaslanmaz.com\/magaza\/wp-content\/uploads\/2016\/08\/esittee-768x975.jpg 768w, https:\/\/www.umitpaslanmaz.com\/magaza\/wp-content\/uploads\/2016\/08\/esittee.jpg 1260w\" sizes=\"(max-width: 806px) 100vw, 806px\" \/><\/a><\/p>\n<p>Tabloyu detayl\u0131 incelemek i\u00e7in resmin \u00fcst\u00fcne t\u0131klayabilirsiniz.<\/p>\n","protected":false},"excerpt":{"rendered":"<p>Paslanmaz kaynakl\u0131 tee, kaynakl\u0131 ba\u011flant\u0131 ile ilerleyen hatlarda hatt\u0131 dalland\u0131rabilmek i\u00e7in kullan\u0131lan ba\u011flant\u0131 eleman\u0131d\u0131r. Paslanmaz teeler \u00bc\u201d ten 12\u201d \u00f6l\u00e7\u00fcs\u00fcne kadar 304 ve 316 kalite olarak stoklar\u0131m\u0131zda bulunmaktad\u0131r. Tabloyu detayl\u0131 incelemek i\u00e7in resmin \u00fcst\u00fcne t\u0131klayabilirsiniz.<\/p>\n","protected":false},"featured_media":1645,"comment_status":"open","ping_status":"closed","template":"","meta":[],"product_cat":[26,23],"product_tag":[30,31],"yoast_head":"<!-- This site is optimized with the Yoast SEO plugin v21.5 - https:\/\/yoast.com\/wordpress\/plugins\/seo\/ -->\n<title>Paslanmaz Kaynakl\u0131 Tee - \u00dcmit Paslanmaz - Paslanmaz Fittings<\/title>\n<meta name=\"description\" content=\"Paslanmaz Kaynakl\u0131 Tee sat\u0131n almak ve fiyatlar\u0131 hakk\u0131nda bilgi \u00f6\u011frenmek i\u00e7in sitemizi ziyaret edebilir ve h\u0131zl\u0131ca bize ula\u015fabilirsiniz.\" \/>\n<meta name=\"robots\" content=\"index, follow, max-snippet:-1, max-image-preview:large, max-video-preview:-1\" \/>\n<link rel=\"canonical\" href=\"https:\/\/www.umitpaslanmaz.com\/magaza\/urun\/paslanmaz-kaynakli-tee\/\" \/>\n<meta property=\"og:locale\" content=\"tr_TR\" \/>\n<meta property=\"og:type\" content=\"article\" \/>\n<meta property=\"og:title\" content=\"Paslanmaz Kaynakl\u0131 Tee - \u00dcmit Paslanmaz - Paslanmaz Fittings\" \/>\n<meta property=\"og:description\" content=\"Paslanmaz Kaynakl\u0131 Tee sat\u0131n almak ve fiyatlar\u0131 hakk\u0131nda bilgi \u00f6\u011frenmek i\u00e7in sitemizi ziyaret edebilir ve h\u0131zl\u0131ca bize ula\u015fabilirsiniz.\" \/>\n<meta property=\"og:url\" content=\"https:\/\/www.umitpaslanmaz.com\/magaza\/urun\/paslanmaz-kaynakli-tee\/\" \/>\n<meta property=\"og:site_name\" content=\"\u00dcmit Paslanmaz\" \/>\n<meta property=\"article:publisher\" content=\"https:\/\/www.facebook.com\/umitpaslanmaz\/\" \/>\n<meta property=\"article:modified_time\" content=\"2023-11-27T13:53:21+00:00\" \/>\n<meta property=\"og:image\" content=\"https:\/\/www.umitpaslanmaz.com\/magaza\/wp-content\/uploads\/2016\/08\/kaynaklitee.jpg\" \/>\n\t<meta property=\"og:image:width\" content=\"1000\" \/>\n\t<meta property=\"og:image:height\" content=\"667\" \/>\n\t<meta property=\"og:image:type\" content=\"image\/jpeg\" \/>\n<meta name=\"twitter:card\" content=\"summary_large_image\" \/>\n<meta name=\"twitter:site\" content=\"@umitpaslanmaz\" \/>\n<script type=\"application\/ld+json\" class=\"yoast-schema-graph\">{\"@context\":\"https:\/\/schema.org\",\"@graph\":[{\"@type\":\"WebPage\",\"@id\":\"https:\/\/www.umitpaslanmaz.com\/magaza\/urun\/paslanmaz-kaynakli-tee\/\",\"url\":\"https:\/\/www.umitpaslanmaz.com\/magaza\/urun\/paslanmaz-kaynakli-tee\/\",\"name\":\"Paslanmaz Kaynakl\u0131 Tee - \u00dcmit Paslanmaz - Paslanmaz Fittings\",\"isPartOf\":{\"@id\":\"https:\/\/www.umitpaslanmaz.com\/magaza\/#website\"},\"datePublished\":\"2016-08-22T16:18:04+00:00\",\"dateModified\":\"2023-11-27T13:53:21+00:00\",\"description\":\"Paslanmaz Kaynakl\u0131 Tee sat\u0131n almak ve fiyatlar\u0131 hakk\u0131nda bilgi \u00f6\u011frenmek i\u00e7in sitemizi ziyaret edebilir ve h\u0131zl\u0131ca bize ula\u015fabilirsiniz.\",\"breadcrumb\":{\"@id\":\"https:\/\/www.umitpaslanmaz.com\/magaza\/urun\/paslanmaz-kaynakli-tee\/#breadcrumb\"},\"inLanguage\":\"tr\",\"potentialAction\":[{\"@type\":\"ReadAction\",\"target\":[\"https:\/\/www.umitpaslanmaz.com\/magaza\/urun\/paslanmaz-kaynakli-tee\/\"]}]},{\"@type\":\"BreadcrumbList\",\"@id\":\"https:\/\/www.umitpaslanmaz.com\/magaza\/urun\/paslanmaz-kaynakli-tee\/#breadcrumb\",\"itemListElement\":[{\"@type\":\"ListItem\",\"position\":1,\"name\":\"Ana sayfa\",\"item\":\"https:\/\/www.umitpaslanmaz.com\/magaza\/\"},{\"@type\":\"ListItem\",\"position\":2,\"name\":\"\u00dcr\u00fcnler\",\"item\":\"https:\/\/www.umitpaslanmaz.com\/magaza\/\"},{\"@type\":\"ListItem\",\"position\":3,\"name\":\"Paslanmaz Kaynakl\u0131 Tee\"}]},{\"@type\":\"WebSite\",\"@id\":\"https:\/\/www.umitpaslanmaz.com\/magaza\/#website\",\"url\":\"https:\/\/www.umitpaslanmaz.com\/magaza\/\",\"name\":\"\u00dcmit Paslanmaz\",\"description\":\"\",\"potentialAction\":[{\"@type\":\"SearchAction\",\"target\":{\"@type\":\"EntryPoint\",\"urlTemplate\":\"https:\/\/www.umitpaslanmaz.com\/magaza\/?s={search_term_string}\"},\"query-input\":\"required name=search_term_string\"}],\"inLanguage\":\"tr\"}]}<\/script>\n<!-- \/ Yoast SEO plugin. -->","yoast_head_json":{"title":"Paslanmaz Kaynakl\u0131 Tee - \u00dcmit Paslanmaz - Paslanmaz Fittings","description":"Paslanmaz Kaynakl\u0131 Tee sat\u0131n almak ve fiyatlar\u0131 hakk\u0131nda bilgi \u00f6\u011frenmek i\u00e7in sitemizi ziyaret edebilir ve h\u0131zl\u0131ca bize ula\u015fabilirsiniz.","robots":{"index":"index","follow":"follow","max-snippet":"max-snippet:-1","max-image-preview":"max-image-preview:large","max-video-preview":"max-video-preview:-1"},"canonical":"https:\/\/www.umitpaslanmaz.com\/magaza\/urun\/paslanmaz-kaynakli-tee\/","og_locale":"tr_TR","og_type":"article","og_title":"Paslanmaz Kaynakl\u0131 Tee - \u00dcmit Paslanmaz - Paslanmaz Fittings","og_description":"Paslanmaz Kaynakl\u0131 Tee sat\u0131n almak ve fiyatlar\u0131 hakk\u0131nda bilgi \u00f6\u011frenmek i\u00e7in sitemizi ziyaret edebilir ve h\u0131zl\u0131ca bize ula\u015fabilirsiniz.","og_url":"https:\/\/www.umitpaslanmaz.com\/magaza\/urun\/paslanmaz-kaynakli-tee\/","og_site_name":"\u00dcmit Paslanmaz","article_publisher":"https:\/\/www.facebook.com\/umitpaslanmaz\/","article_modified_time":"2023-11-27T13:53:21+00:00","og_image":[{"width":1000,"height":667,"url":"https:\/\/www.umitpaslanmaz.com\/magaza\/wp-content\/uploads\/2016\/08\/kaynaklitee.jpg","type":"image\/jpeg"}],"twitter_card":"summary_large_image","twitter_site":"@umitpaslanmaz","schema":{"@context":"https:\/\/schema.org","@graph":[{"@type":"WebPage","@id":"https:\/\/www.umitpaslanmaz.com\/magaza\/urun\/paslanmaz-kaynakli-tee\/","url":"https:\/\/www.umitpaslanmaz.com\/magaza\/urun\/paslanmaz-kaynakli-tee\/","name":"Paslanmaz Kaynakl\u0131 Tee - \u00dcmit Paslanmaz - Paslanmaz Fittings","isPartOf":{"@id":"https:\/\/www.umitpaslanmaz.com\/magaza\/#website"},"datePublished":"2016-08-22T16:18:04+00:00","dateModified":"2023-11-27T13:53:21+00:00","description":"Paslanmaz Kaynakl\u0131 Tee sat\u0131n almak ve fiyatlar\u0131 hakk\u0131nda bilgi \u00f6\u011frenmek i\u00e7in sitemizi ziyaret edebilir ve h\u0131zl\u0131ca bize ula\u015fabilirsiniz.","breadcrumb":{"@id":"https:\/\/www.umitpaslanmaz.com\/magaza\/urun\/paslanmaz-kaynakli-tee\/#breadcrumb"},"inLanguage":"tr","potentialAction":[{"@type":"ReadAction","target":["https:\/\/www.umitpaslanmaz.com\/magaza\/urun\/paslanmaz-kaynakli-tee\/"]}]},{"@type":"BreadcrumbList","@id":"https:\/\/www.umitpaslanmaz.com\/magaza\/urun\/paslanmaz-kaynakli-tee\/#breadcrumb","itemListElement":[{"@type":"ListItem","position":1,"name":"Ana sayfa","item":"https:\/\/www.umitpaslanmaz.com\/magaza\/"},{"@type":"ListItem","position":2,"name":"\u00dcr\u00fcnler","item":"https:\/\/www.umitpaslanmaz.com\/magaza\/"},{"@type":"ListItem","position":3,"name":"Paslanmaz Kaynakl\u0131 Tee"}]},{"@type":"WebSite","@id":"https:\/\/www.umitpaslanmaz.com\/magaza\/#website","url":"https:\/\/www.umitpaslanmaz.com\/magaza\/","name":"\u00dcmit Paslanmaz","description":"","potentialAction":[{"@type":"SearchAction","target":{"@type":"EntryPoint","urlTemplate":"https:\/\/www.umitpaslanmaz.com\/magaza\/?s={search_term_string}"},"query-input":"required name=search_term_string"}],"inLanguage":"tr"}]}},"_links":{"self":[{"href":"https:\/\/www.umitpaslanmaz.com\/magaza\/wp-json\/wp\/v2\/product\/1644"}],"collection":[{"href":"https:\/\/www.umitpaslanmaz.com\/magaza\/wp-json\/wp\/v2\/product"}],"about":[{"href":"https:\/\/www.umitpaslanmaz.com\/magaza\/wp-json\/wp\/v2\/types\/product"}],"replies":[{"embeddable":true,"href":"https:\/\/www.umitpaslanmaz.com\/magaza\/wp-json\/wp\/v2\/comments?post=1644"}],"wp:featuredmedia":[{"embeddable":true,"href":"https:\/\/www.umitpaslanmaz.com\/magaza\/wp-json\/wp\/v2\/media\/1645"}],"wp:attachment":[{"href":"https:\/\/www.umitpaslanmaz.com\/magaza\/wp-json\/wp\/v2\/media?parent=1644"}],"wp:term":[{"taxonomy":"product_cat","embeddable":true,"href":"https:\/\/www.umitpaslanmaz.com\/magaza\/wp-json\/wp\/v2\/product_cat?post=1644"},{"taxonomy":"product_tag","embeddable":true,"href":"https:\/\/www.umitpaslanmaz.com\/magaza\/wp-json\/wp\/v2\/product_tag?post=1644"}],"curies":[{"name":"wp","href":"https:\/\/api.w.org\/{rel}","templated":true}]}}