{"id":1668,"date":"2016-08-26T13:00:08","date_gmt":"2016-08-26T13:00:08","guid":{"rendered":"http:\/\/www.umitpaslanmaz.com\/magaza\/?post_type=product&#038;p=1668"},"modified":"2024-03-23T06:58:33","modified_gmt":"2024-03-23T06:58:33","slug":"paslanmaz-flansli-vana","status":"publish","type":"product","link":"https:\/\/www.umitpaslanmaz.com\/magaza\/urun\/paslanmaz-flansli-vana\/","title":{"rendered":"Paslanmaz Flan\u015fl\u0131 Vana"},"content":{"rendered":"<p>Paslanmaz flan\u015fl\u0131 vana, flan\u015fl\u0131 a\u011flant\u0131lar\u0131n yap\u0131ld\u0131\u011f\u0131 hatlarda hatt\u0131n ak\u0131\u015f\u0131n\u0131 d\u00fczenlemek, ak\u0131\u015f\u0131 kesmek ya da azaltmak amac\u0131yla kullan\u0131lan fittings malzemesidir. \u00bd\u201d \u00f6l\u00e7\u00fcs\u00fcnden 8\u201d \u00f6l\u00e7\u00fcs\u00fcne kadar 304 kalite olarak stoklar\u0131m\u0131zda yer almaktad\u0131r.<\/p>\n<p><a href=\"http:\/\/www.umitpaslanmaz.com\/magaza\/wp-content\/uploads\/2016\/08\/2parcalikurselvana.jpg\"><img loading=\"lazy\" decoding=\"async\" class=\"alignnone size-large wp-image-1827\" src=\"http:\/\/www.umitpaslanmaz.com\/magaza\/wp-content\/uploads\/2016\/08\/2parcalikurselvana-1024x762.jpg\" alt=\"2parcalikurselvana\" width=\"1024\" height=\"762\" srcset=\"https:\/\/www.umitpaslanmaz.com\/magaza\/wp-content\/uploads\/2016\/08\/2parcalikurselvana-1024x762.jpg 1024w, https:\/\/www.umitpaslanmaz.com\/magaza\/wp-content\/uploads\/2016\/08\/2parcalikurselvana-510x380.jpg 510w, https:\/\/www.umitpaslanmaz.com\/magaza\/wp-content\/uploads\/2016\/08\/2parcalikurselvana-300x223.jpg 300w, https:\/\/www.umitpaslanmaz.com\/magaza\/wp-content\/uploads\/2016\/08\/2parcalikurselvana-768x572.jpg 768w, https:\/\/www.umitpaslanmaz.com\/magaza\/wp-content\/uploads\/2016\/08\/2parcalikurselvana.jpg 1600w\" sizes=\"(max-width: 1024px) 100vw, 1024px\" \/><\/a><\/p>\n<p>Tabloyu detayl\u0131 incelemek i\u00e7in resmin \u00fcst\u00fcne t\u0131klayabilirsiniz.<\/p>\n","protected":false},"excerpt":{"rendered":"<p>Paslanmaz flan\u015fl\u0131 vana, flan\u015fl\u0131 a\u011flant\u0131lar\u0131n yap\u0131ld\u0131\u011f\u0131 hatlarda hatt\u0131n ak\u0131\u015f\u0131n\u0131 d\u00fczenlemek, ak\u0131\u015f\u0131 kesmek ya da azaltmak amac\u0131yla kullan\u0131lan fittings malzemesidir. \u00bd\u201d \u00f6l\u00e7\u00fcs\u00fcnden 8\u201d \u00f6l\u00e7\u00fcs\u00fcne kadar 304 kalite olarak stoklar\u0131m\u0131zda yer almaktad\u0131r. Tabloyu detayl\u0131 incelemek i\u00e7in resmin \u00fcst\u00fcne t\u0131klayabilirsiniz.<\/p>\n","protected":false},"featured_media":1669,"comment_status":"open","ping_status":"closed","template":"","meta":[],"product_cat":[26,23],"product_tag":[210,211],"yoast_head":"<!-- This site is optimized with the Yoast SEO plugin v21.5 - https:\/\/yoast.com\/wordpress\/plugins\/seo\/ -->\n<title>Paslanmaz Flan\u015fl\u0131 Vana - \u00dcmit Paslanmaz - Paslanmaz Valve<\/title>\n<meta name=\"description\" content=\"Paslanmaz Flan\u015fl\u0131 Vana sat\u0131n almak ve fiyatlar\u0131 hakk\u0131nda bilgi \u00f6\u011frenmek i\u00e7in sitemizi ziyaret edebilir ve h\u0131zl\u0131ca bize ula\u015fabilirsiniz.\" \/>\n<meta name=\"robots\" content=\"index, follow, max-snippet:-1, max-image-preview:large, max-video-preview:-1\" \/>\n<link rel=\"canonical\" href=\"https:\/\/www.umitpaslanmaz.com\/magaza\/urun\/paslanmaz-flansli-vana\/\" \/>\n<meta property=\"og:locale\" content=\"tr_TR\" \/>\n<meta property=\"og:type\" content=\"article\" \/>\n<meta property=\"og:title\" content=\"Paslanmaz Flan\u015fl\u0131 Vana - \u00dcmit Paslanmaz - Paslanmaz Valve\" \/>\n<meta property=\"og:description\" content=\"Paslanmaz Flan\u015fl\u0131 Vana sat\u0131n almak ve fiyatlar\u0131 hakk\u0131nda bilgi \u00f6\u011frenmek i\u00e7in sitemizi ziyaret edebilir ve h\u0131zl\u0131ca bize ula\u015fabilirsiniz.\" \/>\n<meta property=\"og:url\" content=\"https:\/\/www.umitpaslanmaz.com\/magaza\/urun\/paslanmaz-flansli-vana\/\" \/>\n<meta property=\"og:site_name\" content=\"\u00dcmit Paslanmaz\" \/>\n<meta property=\"article:publisher\" content=\"https:\/\/www.facebook.com\/umitpaslanmaz\/\" \/>\n<meta property=\"article:modified_time\" content=\"2024-03-23T06:58:33+00:00\" \/>\n<meta property=\"og:image\" content=\"https:\/\/www.umitpaslanmaz.com\/magaza\/wp-content\/uploads\/2016\/08\/paslanmaz-flan\u015fl\u0131-vana.jpg\" \/>\n\t<meta property=\"og:image:width\" content=\"1000\" \/>\n\t<meta property=\"og:image:height\" content=\"667\" \/>\n\t<meta property=\"og:image:type\" content=\"image\/jpeg\" \/>\n<meta name=\"twitter:card\" content=\"summary_large_image\" \/>\n<meta name=\"twitter:site\" content=\"@umitpaslanmaz\" \/>\n<script type=\"application\/ld+json\" class=\"yoast-schema-graph\">{\"@context\":\"https:\/\/schema.org\",\"@graph\":[{\"@type\":\"WebPage\",\"@id\":\"https:\/\/www.umitpaslanmaz.com\/magaza\/urun\/paslanmaz-flansli-vana\/\",\"url\":\"https:\/\/www.umitpaslanmaz.com\/magaza\/urun\/paslanmaz-flansli-vana\/\",\"name\":\"Paslanmaz Flan\u015fl\u0131 Vana - \u00dcmit Paslanmaz - Paslanmaz Valve\",\"isPartOf\":{\"@id\":\"https:\/\/www.umitpaslanmaz.com\/magaza\/#website\"},\"datePublished\":\"2016-08-26T13:00:08+00:00\",\"dateModified\":\"2024-03-23T06:58:33+00:00\",\"description\":\"Paslanmaz Flan\u015fl\u0131 Vana sat\u0131n almak ve fiyatlar\u0131 hakk\u0131nda bilgi \u00f6\u011frenmek i\u00e7in sitemizi ziyaret edebilir ve h\u0131zl\u0131ca bize ula\u015fabilirsiniz.\",\"breadcrumb\":{\"@id\":\"https:\/\/www.umitpaslanmaz.com\/magaza\/urun\/paslanmaz-flansli-vana\/#breadcrumb\"},\"inLanguage\":\"tr\",\"potentialAction\":[{\"@type\":\"ReadAction\",\"target\":[\"https:\/\/www.umitpaslanmaz.com\/magaza\/urun\/paslanmaz-flansli-vana\/\"]}]},{\"@type\":\"BreadcrumbList\",\"@id\":\"https:\/\/www.umitpaslanmaz.com\/magaza\/urun\/paslanmaz-flansli-vana\/#breadcrumb\",\"itemListElement\":[{\"@type\":\"ListItem\",\"position\":1,\"name\":\"Ana sayfa\",\"item\":\"https:\/\/www.umitpaslanmaz.com\/magaza\/\"},{\"@type\":\"ListItem\",\"position\":2,\"name\":\"\u00dcr\u00fcnler\",\"item\":\"https:\/\/www.umitpaslanmaz.com\/magaza\/\"},{\"@type\":\"ListItem\",\"position\":3,\"name\":\"Paslanmaz Flan\u015fl\u0131 Vana\"}]},{\"@type\":\"WebSite\",\"@id\":\"https:\/\/www.umitpaslanmaz.com\/magaza\/#website\",\"url\":\"https:\/\/www.umitpaslanmaz.com\/magaza\/\",\"name\":\"\u00dcmit Paslanmaz\",\"description\":\"\",\"potentialAction\":[{\"@type\":\"SearchAction\",\"target\":{\"@type\":\"EntryPoint\",\"urlTemplate\":\"https:\/\/www.umitpaslanmaz.com\/magaza\/?s={search_term_string}\"},\"query-input\":\"required name=search_term_string\"}],\"inLanguage\":\"tr\"}]}<\/script>\n<!-- \/ Yoast SEO plugin. -->","yoast_head_json":{"title":"Paslanmaz Flan\u015fl\u0131 Vana - \u00dcmit Paslanmaz - Paslanmaz Valve","description":"Paslanmaz Flan\u015fl\u0131 Vana sat\u0131n almak ve fiyatlar\u0131 hakk\u0131nda bilgi \u00f6\u011frenmek i\u00e7in sitemizi ziyaret edebilir ve h\u0131zl\u0131ca bize ula\u015fabilirsiniz.","robots":{"index":"index","follow":"follow","max-snippet":"max-snippet:-1","max-image-preview":"max-image-preview:large","max-video-preview":"max-video-preview:-1"},"canonical":"https:\/\/www.umitpaslanmaz.com\/magaza\/urun\/paslanmaz-flansli-vana\/","og_locale":"tr_TR","og_type":"article","og_title":"Paslanmaz Flan\u015fl\u0131 Vana - \u00dcmit Paslanmaz - Paslanmaz Valve","og_description":"Paslanmaz Flan\u015fl\u0131 Vana sat\u0131n almak ve fiyatlar\u0131 hakk\u0131nda bilgi \u00f6\u011frenmek i\u00e7in sitemizi ziyaret edebilir ve h\u0131zl\u0131ca bize ula\u015fabilirsiniz.","og_url":"https:\/\/www.umitpaslanmaz.com\/magaza\/urun\/paslanmaz-flansli-vana\/","og_site_name":"\u00dcmit Paslanmaz","article_publisher":"https:\/\/www.facebook.com\/umitpaslanmaz\/","article_modified_time":"2024-03-23T06:58:33+00:00","og_image":[{"width":1000,"height":667,"url":"https:\/\/www.umitpaslanmaz.com\/magaza\/wp-content\/uploads\/2016\/08\/paslanmaz-flan\u015fl\u0131-vana.jpg","type":"image\/jpeg"}],"twitter_card":"summary_large_image","twitter_site":"@umitpaslanmaz","schema":{"@context":"https:\/\/schema.org","@graph":[{"@type":"WebPage","@id":"https:\/\/www.umitpaslanmaz.com\/magaza\/urun\/paslanmaz-flansli-vana\/","url":"https:\/\/www.umitpaslanmaz.com\/magaza\/urun\/paslanmaz-flansli-vana\/","name":"Paslanmaz Flan\u015fl\u0131 Vana - \u00dcmit Paslanmaz - Paslanmaz Valve","isPartOf":{"@id":"https:\/\/www.umitpaslanmaz.com\/magaza\/#website"},"datePublished":"2016-08-26T13:00:08+00:00","dateModified":"2024-03-23T06:58:33+00:00","description":"Paslanmaz Flan\u015fl\u0131 Vana sat\u0131n almak ve fiyatlar\u0131 hakk\u0131nda bilgi \u00f6\u011frenmek i\u00e7in sitemizi ziyaret edebilir ve h\u0131zl\u0131ca bize ula\u015fabilirsiniz.","breadcrumb":{"@id":"https:\/\/www.umitpaslanmaz.com\/magaza\/urun\/paslanmaz-flansli-vana\/#breadcrumb"},"inLanguage":"tr","potentialAction":[{"@type":"ReadAction","target":["https:\/\/www.umitpaslanmaz.com\/magaza\/urun\/paslanmaz-flansli-vana\/"]}]},{"@type":"BreadcrumbList","@id":"https:\/\/www.umitpaslanmaz.com\/magaza\/urun\/paslanmaz-flansli-vana\/#breadcrumb","itemListElement":[{"@type":"ListItem","position":1,"name":"Ana sayfa","item":"https:\/\/www.umitpaslanmaz.com\/magaza\/"},{"@type":"ListItem","position":2,"name":"\u00dcr\u00fcnler","item":"https:\/\/www.umitpaslanmaz.com\/magaza\/"},{"@type":"ListItem","position":3,"name":"Paslanmaz Flan\u015fl\u0131 Vana"}]},{"@type":"WebSite","@id":"https:\/\/www.umitpaslanmaz.com\/magaza\/#website","url":"https:\/\/www.umitpaslanmaz.com\/magaza\/","name":"\u00dcmit Paslanmaz","description":"","potentialAction":[{"@type":"SearchAction","target":{"@type":"EntryPoint","urlTemplate":"https:\/\/www.umitpaslanmaz.com\/magaza\/?s={search_term_string}"},"query-input":"required name=search_term_string"}],"inLanguage":"tr"}]}},"_links":{"self":[{"href":"https:\/\/www.umitpaslanmaz.com\/magaza\/wp-json\/wp\/v2\/product\/1668"}],"collection":[{"href":"https:\/\/www.umitpaslanmaz.com\/magaza\/wp-json\/wp\/v2\/product"}],"about":[{"href":"https:\/\/www.umitpaslanmaz.com\/magaza\/wp-json\/wp\/v2\/types\/product"}],"replies":[{"embeddable":true,"href":"https:\/\/www.umitpaslanmaz.com\/magaza\/wp-json\/wp\/v2\/comments?post=1668"}],"wp:featuredmedia":[{"embeddable":true,"href":"https:\/\/www.umitpaslanmaz.com\/magaza\/wp-json\/wp\/v2\/media\/1669"}],"wp:attachment":[{"href":"https:\/\/www.umitpaslanmaz.com\/magaza\/wp-json\/wp\/v2\/media?parent=1668"}],"wp:term":[{"taxonomy":"product_cat","embeddable":true,"href":"https:\/\/www.umitpaslanmaz.com\/magaza\/wp-json\/wp\/v2\/product_cat?post=1668"},{"taxonomy":"product_tag","embeddable":true,"href":"https:\/\/www.umitpaslanmaz.com\/magaza\/wp-json\/wp\/v2\/product_tag?post=1668"}],"curies":[{"name":"wp","href":"https:\/\/api.w.org\/{rel}","templated":true}]}}