{"id":1688,"date":"2016-08-26T13:30:45","date_gmt":"2016-08-26T13:30:45","guid":{"rendered":"http:\/\/www.umitpaslanmaz.com\/magaza\/?post_type=product&#038;p=1688"},"modified":"2023-11-27T13:53:13","modified_gmt":"2023-11-27T13:53:13","slug":"paslanmaz-hex-nipel","status":"publish","type":"product","link":"https:\/\/www.umitpaslanmaz.com\/magaza\/urun\/paslanmaz-hex-nipel\/","title":{"rendered":"Paslanmaz Hex Nipel"},"content":{"rendered":"<p>Tabloyu detayl\u0131 incelemek i\u00e7in resmin \u00fcst\u00fcne t\u0131klayabilirsiniz.<br \/>\n<a href=\"http:\/\/www.umitpaslanmaz.com\/magaza\/wp-content\/uploads\/2016\/08\/altikosenipek.jpg\"><img loading=\"lazy\" decoding=\"async\" class=\"alignnone wp-image-1795 size-large\" src=\"http:\/\/www.umitpaslanmaz.com\/magaza\/wp-content\/uploads\/2016\/08\/altikosenipek-1024x488.jpg\" alt=\"altikosenipek\" width=\"1024\" height=\"488\" srcset=\"https:\/\/www.umitpaslanmaz.com\/magaza\/wp-content\/uploads\/2016\/08\/altikosenipek-1024x488.jpg 1024w, https:\/\/www.umitpaslanmaz.com\/magaza\/wp-content\/uploads\/2016\/08\/altikosenipek-510x243.jpg 510w, https:\/\/www.umitpaslanmaz.com\/magaza\/wp-content\/uploads\/2016\/08\/altikosenipek-300x143.jpg 300w, https:\/\/www.umitpaslanmaz.com\/magaza\/wp-content\/uploads\/2016\/08\/altikosenipek-768x366.jpg 768w, https:\/\/www.umitpaslanmaz.com\/magaza\/wp-content\/uploads\/2016\/08\/altikosenipek.jpg 1600w\" sizes=\"(max-width: 1024px) 100vw, 1024px\" \/><\/a><\/p>\n","protected":false},"excerpt":{"rendered":"<p><strong>Paslanmaz hex nipel<\/strong>, hatlara \u00e7ekvalf vana veya pislik tutucu gibi ekipmanlar ba\u011flan\u0131rken kullan\u0131lan \u00e7ift taraf\u0131 d\u0131\u015ftan di\u015fli ortas\u0131 anahtar a\u011f\u0131zl\u0131 ba\u011flant\u0131 eleman\u0131d\u0131r. Hex nipeller\u00a0 \u00bc\u201d \u2013 4\u201d aras\u0131 \u00f6l\u00e7\u00fclerde stoklar\u0131m\u0131zda bulunmaktad\u0131r.<\/p>\n","protected":false},"featured_media":1689,"comment_status":"open","ping_status":"closed","template":"","meta":[],"product_cat":[22,23],"product_tag":[39],"yoast_head":"<!-- This site is optimized with the Yoast SEO plugin v21.5 - https:\/\/yoast.com\/wordpress\/plugins\/seo\/ -->\n<title>Paslanmaz Hex Nipel - Paslanmaz Fittings - \u00dcmit Paslanmaz<\/title>\n<meta name=\"description\" content=\"Paslanmaz Hex Nipel sat\u0131n almak ve fiyatlar\u0131 hakk\u0131nda bilgi \u00f6\u011frenmek i\u00e7in sitemizi ziyaret edebilir ve h\u0131zl\u0131ca bize ula\u015fabilirsiniz.\" \/>\n<meta name=\"robots\" content=\"index, follow, max-snippet:-1, max-image-preview:large, max-video-preview:-1\" \/>\n<link rel=\"canonical\" href=\"https:\/\/www.umitpaslanmaz.com\/magaza\/urun\/paslanmaz-hex-nipel\/\" \/>\n<meta property=\"og:locale\" content=\"tr_TR\" \/>\n<meta property=\"og:type\" content=\"article\" \/>\n<meta property=\"og:title\" content=\"Paslanmaz Hex Nipel - Paslanmaz Fittings - \u00dcmit Paslanmaz\" \/>\n<meta property=\"og:description\" content=\"Paslanmaz Hex Nipel sat\u0131n almak ve fiyatlar\u0131 hakk\u0131nda bilgi \u00f6\u011frenmek i\u00e7in sitemizi ziyaret edebilir ve h\u0131zl\u0131ca bize ula\u015fabilirsiniz.\" \/>\n<meta property=\"og:url\" content=\"https:\/\/www.umitpaslanmaz.com\/magaza\/urun\/paslanmaz-hex-nipel\/\" \/>\n<meta property=\"og:site_name\" content=\"\u00dcmit Paslanmaz\" \/>\n<meta property=\"article:publisher\" content=\"https:\/\/www.facebook.com\/umitpaslanmaz\/\" \/>\n<meta property=\"article:modified_time\" content=\"2023-11-27T13:53:13+00:00\" \/>\n<meta property=\"og:image\" content=\"https:\/\/www.umitpaslanmaz.com\/magaza\/wp-content\/uploads\/2016\/08\/paslanmaz-hex-nipel.jpg\" \/>\n\t<meta property=\"og:image:width\" content=\"1000\" \/>\n\t<meta property=\"og:image:height\" content=\"667\" \/>\n\t<meta property=\"og:image:type\" content=\"image\/jpeg\" \/>\n<meta name=\"twitter:card\" content=\"summary_large_image\" \/>\n<meta name=\"twitter:site\" content=\"@umitpaslanmaz\" \/>\n<script type=\"application\/ld+json\" class=\"yoast-schema-graph\">{\"@context\":\"https:\/\/schema.org\",\"@graph\":[{\"@type\":\"WebPage\",\"@id\":\"https:\/\/www.umitpaslanmaz.com\/magaza\/urun\/paslanmaz-hex-nipel\/\",\"url\":\"https:\/\/www.umitpaslanmaz.com\/magaza\/urun\/paslanmaz-hex-nipel\/\",\"name\":\"Paslanmaz Hex Nipel - Paslanmaz Fittings - \u00dcmit Paslanmaz\",\"isPartOf\":{\"@id\":\"https:\/\/www.umitpaslanmaz.com\/magaza\/#website\"},\"datePublished\":\"2016-08-26T13:30:45+00:00\",\"dateModified\":\"2023-11-27T13:53:13+00:00\",\"description\":\"Paslanmaz Hex Nipel sat\u0131n almak ve fiyatlar\u0131 hakk\u0131nda bilgi \u00f6\u011frenmek i\u00e7in sitemizi ziyaret edebilir ve h\u0131zl\u0131ca bize ula\u015fabilirsiniz.\",\"breadcrumb\":{\"@id\":\"https:\/\/www.umitpaslanmaz.com\/magaza\/urun\/paslanmaz-hex-nipel\/#breadcrumb\"},\"inLanguage\":\"tr\",\"potentialAction\":[{\"@type\":\"ReadAction\",\"target\":[\"https:\/\/www.umitpaslanmaz.com\/magaza\/urun\/paslanmaz-hex-nipel\/\"]}]},{\"@type\":\"BreadcrumbList\",\"@id\":\"https:\/\/www.umitpaslanmaz.com\/magaza\/urun\/paslanmaz-hex-nipel\/#breadcrumb\",\"itemListElement\":[{\"@type\":\"ListItem\",\"position\":1,\"name\":\"Ana sayfa\",\"item\":\"https:\/\/www.umitpaslanmaz.com\/magaza\/\"},{\"@type\":\"ListItem\",\"position\":2,\"name\":\"\u00dcr\u00fcnler\",\"item\":\"https:\/\/www.umitpaslanmaz.com\/magaza\/\"},{\"@type\":\"ListItem\",\"position\":3,\"name\":\"Paslanmaz Hex Nipel\"}]},{\"@type\":\"WebSite\",\"@id\":\"https:\/\/www.umitpaslanmaz.com\/magaza\/#website\",\"url\":\"https:\/\/www.umitpaslanmaz.com\/magaza\/\",\"name\":\"\u00dcmit Paslanmaz\",\"description\":\"\",\"potentialAction\":[{\"@type\":\"SearchAction\",\"target\":{\"@type\":\"EntryPoint\",\"urlTemplate\":\"https:\/\/www.umitpaslanmaz.com\/magaza\/?s={search_term_string}\"},\"query-input\":\"required name=search_term_string\"}],\"inLanguage\":\"tr\"}]}<\/script>\n<!-- \/ Yoast SEO plugin. -->","yoast_head_json":{"title":"Paslanmaz Hex Nipel - Paslanmaz Fittings - \u00dcmit Paslanmaz","description":"Paslanmaz Hex Nipel sat\u0131n almak ve fiyatlar\u0131 hakk\u0131nda bilgi \u00f6\u011frenmek i\u00e7in sitemizi ziyaret edebilir ve h\u0131zl\u0131ca bize ula\u015fabilirsiniz.","robots":{"index":"index","follow":"follow","max-snippet":"max-snippet:-1","max-image-preview":"max-image-preview:large","max-video-preview":"max-video-preview:-1"},"canonical":"https:\/\/www.umitpaslanmaz.com\/magaza\/urun\/paslanmaz-hex-nipel\/","og_locale":"tr_TR","og_type":"article","og_title":"Paslanmaz Hex Nipel - Paslanmaz Fittings - \u00dcmit Paslanmaz","og_description":"Paslanmaz Hex Nipel sat\u0131n almak ve fiyatlar\u0131 hakk\u0131nda bilgi \u00f6\u011frenmek i\u00e7in sitemizi ziyaret edebilir ve h\u0131zl\u0131ca bize ula\u015fabilirsiniz.","og_url":"https:\/\/www.umitpaslanmaz.com\/magaza\/urun\/paslanmaz-hex-nipel\/","og_site_name":"\u00dcmit Paslanmaz","article_publisher":"https:\/\/www.facebook.com\/umitpaslanmaz\/","article_modified_time":"2023-11-27T13:53:13+00:00","og_image":[{"width":1000,"height":667,"url":"https:\/\/www.umitpaslanmaz.com\/magaza\/wp-content\/uploads\/2016\/08\/paslanmaz-hex-nipel.jpg","type":"image\/jpeg"}],"twitter_card":"summary_large_image","twitter_site":"@umitpaslanmaz","schema":{"@context":"https:\/\/schema.org","@graph":[{"@type":"WebPage","@id":"https:\/\/www.umitpaslanmaz.com\/magaza\/urun\/paslanmaz-hex-nipel\/","url":"https:\/\/www.umitpaslanmaz.com\/magaza\/urun\/paslanmaz-hex-nipel\/","name":"Paslanmaz Hex Nipel - Paslanmaz Fittings - \u00dcmit Paslanmaz","isPartOf":{"@id":"https:\/\/www.umitpaslanmaz.com\/magaza\/#website"},"datePublished":"2016-08-26T13:30:45+00:00","dateModified":"2023-11-27T13:53:13+00:00","description":"Paslanmaz Hex Nipel sat\u0131n almak ve fiyatlar\u0131 hakk\u0131nda bilgi \u00f6\u011frenmek i\u00e7in sitemizi ziyaret edebilir ve h\u0131zl\u0131ca bize ula\u015fabilirsiniz.","breadcrumb":{"@id":"https:\/\/www.umitpaslanmaz.com\/magaza\/urun\/paslanmaz-hex-nipel\/#breadcrumb"},"inLanguage":"tr","potentialAction":[{"@type":"ReadAction","target":["https:\/\/www.umitpaslanmaz.com\/magaza\/urun\/paslanmaz-hex-nipel\/"]}]},{"@type":"BreadcrumbList","@id":"https:\/\/www.umitpaslanmaz.com\/magaza\/urun\/paslanmaz-hex-nipel\/#breadcrumb","itemListElement":[{"@type":"ListItem","position":1,"name":"Ana sayfa","item":"https:\/\/www.umitpaslanmaz.com\/magaza\/"},{"@type":"ListItem","position":2,"name":"\u00dcr\u00fcnler","item":"https:\/\/www.umitpaslanmaz.com\/magaza\/"},{"@type":"ListItem","position":3,"name":"Paslanmaz Hex Nipel"}]},{"@type":"WebSite","@id":"https:\/\/www.umitpaslanmaz.com\/magaza\/#website","url":"https:\/\/www.umitpaslanmaz.com\/magaza\/","name":"\u00dcmit Paslanmaz","description":"","potentialAction":[{"@type":"SearchAction","target":{"@type":"EntryPoint","urlTemplate":"https:\/\/www.umitpaslanmaz.com\/magaza\/?s={search_term_string}"},"query-input":"required name=search_term_string"}],"inLanguage":"tr"}]}},"_links":{"self":[{"href":"https:\/\/www.umitpaslanmaz.com\/magaza\/wp-json\/wp\/v2\/product\/1688"}],"collection":[{"href":"https:\/\/www.umitpaslanmaz.com\/magaza\/wp-json\/wp\/v2\/product"}],"about":[{"href":"https:\/\/www.umitpaslanmaz.com\/magaza\/wp-json\/wp\/v2\/types\/product"}],"replies":[{"embeddable":true,"href":"https:\/\/www.umitpaslanmaz.com\/magaza\/wp-json\/wp\/v2\/comments?post=1688"}],"wp:featuredmedia":[{"embeddable":true,"href":"https:\/\/www.umitpaslanmaz.com\/magaza\/wp-json\/wp\/v2\/media\/1689"}],"wp:attachment":[{"href":"https:\/\/www.umitpaslanmaz.com\/magaza\/wp-json\/wp\/v2\/media?parent=1688"}],"wp:term":[{"taxonomy":"product_cat","embeddable":true,"href":"https:\/\/www.umitpaslanmaz.com\/magaza\/wp-json\/wp\/v2\/product_cat?post=1688"},{"taxonomy":"product_tag","embeddable":true,"href":"https:\/\/www.umitpaslanmaz.com\/magaza\/wp-json\/wp\/v2\/product_tag?post=1688"}],"curies":[{"name":"wp","href":"https:\/\/api.w.org\/{rel}","templated":true}]}}