{"id":1715,"date":"2016-08-26T13:58:40","date_gmt":"2016-08-26T13:58:40","guid":{"rendered":"http:\/\/www.umitpaslanmaz.com\/magaza\/?post_type=product&#038;p=1715"},"modified":"2024-07-02T06:41:51","modified_gmt":"2024-07-02T06:41:51","slug":"paslanmaz-yaka","status":"publish","type":"product","link":"https:\/\/www.umitpaslanmaz.com\/magaza\/urun\/paslanmaz-yaka\/","title":{"rendered":"Paslanmaz Yaka"},"content":{"rendered":"<p>Paslanmaz yaka, paslanmaz yakalar, flan\u015fl\u0131 ba\u011flant\u0131larda flan\u015flar\u0131n serbest\u00e7e hareket edebilmesi i\u00e7in kullan\u0131lan ba\u011flant\u0131 eleman\u0131d\u0131r. Paslanmaz yakalar taraf\u0131m\u0131zca \u00fcretilmekte ve \u00bd\u201d ten 16\u201d \u00f6l\u00e7\u00fcs\u00fcne kadar 304 ve 316 kalite olarak stoklar\u0131m\u0131zda bulunmaktad\u0131r.<\/p>\n<p><a href=\"http:\/\/www.umitpaslanmaz.com\/magaza\/wp-content\/uploads\/2016\/08\/yaka.jpg\"><img loading=\"lazy\" decoding=\"async\" class=\"alignnone size-large wp-image-1816\" src=\"http:\/\/www.umitpaslanmaz.com\/magaza\/wp-content\/uploads\/2016\/08\/yaka-1024x689.jpg\" alt=\"yaka\" width=\"1024\" height=\"689\" srcset=\"https:\/\/www.umitpaslanmaz.com\/magaza\/wp-content\/uploads\/2016\/08\/yaka-1024x689.jpg 1024w, https:\/\/www.umitpaslanmaz.com\/magaza\/wp-content\/uploads\/2016\/08\/yaka-510x343.jpg 510w, https:\/\/www.umitpaslanmaz.com\/magaza\/wp-content\/uploads\/2016\/08\/yaka-300x202.jpg 300w, https:\/\/www.umitpaslanmaz.com\/magaza\/wp-content\/uploads\/2016\/08\/yaka-768x517.jpg 768w, https:\/\/www.umitpaslanmaz.com\/magaza\/wp-content\/uploads\/2016\/08\/yaka.jpg 1600w\" sizes=\"(max-width: 1024px) 100vw, 1024px\" \/><\/a><\/p>\n<p>Tabloyu detayl\u0131 incelemek i\u00e7in resmin \u00fcst\u00fcne t\u0131klayabilirsiniz.<\/p>\n","protected":false},"excerpt":{"rendered":"<p>Paslanmaz yaka, paslanmaz yakalar, flan\u015fl\u0131 ba\u011flant\u0131larda flan\u015flar\u0131n serbest\u00e7e hareket edebilmesi i\u00e7in kullan\u0131lan ba\u011flant\u0131 eleman\u0131d\u0131r. Paslanmaz yakalar taraf\u0131m\u0131zca \u00fcretilmekte ve \u00bd\u201d ten 16\u201d \u00f6l\u00e7\u00fcs\u00fcne kadar 304 ve 316 kalite olarak stoklar\u0131m\u0131zda bulunmaktad\u0131r. Tabloyu detayl\u0131 incelemek i\u00e7in resmin \u00fcst\u00fcne t\u0131klayabilirsiniz.<\/p>\n","protected":false},"featured_media":1716,"comment_status":"open","ping_status":"closed","template":"","meta":[],"product_cat":[26,23],"product_tag":[],"yoast_head":"<!-- This site is optimized with the Yoast SEO plugin v21.5 - https:\/\/yoast.com\/wordpress\/plugins\/seo\/ -->\n<title>Paslanmaz Yaka - Paslanmaz Fittings - \u00dcmit Paslanmaz<\/title>\n<meta name=\"description\" content=\"Paslanmaz yaka sat\u0131n almak ve fiyatlar\u0131 hakk\u0131nda bilgi \u00f6\u011frenmek i\u00e7in sitemizi ziyaret edebilir ve h\u0131zl\u0131ca bize ula\u015fabilirsiniz.\" \/>\n<meta name=\"robots\" content=\"index, follow, max-snippet:-1, max-image-preview:large, max-video-preview:-1\" \/>\n<link rel=\"canonical\" href=\"https:\/\/www.umitpaslanmaz.com\/magaza\/urun\/paslanmaz-yaka\/\" \/>\n<meta property=\"og:locale\" content=\"tr_TR\" \/>\n<meta property=\"og:type\" content=\"article\" \/>\n<meta property=\"og:title\" content=\"Paslanmaz Yaka - Paslanmaz Fittings - \u00dcmit Paslanmaz\" \/>\n<meta property=\"og:description\" content=\"Paslanmaz yaka sat\u0131n almak ve fiyatlar\u0131 hakk\u0131nda bilgi \u00f6\u011frenmek i\u00e7in sitemizi ziyaret edebilir ve h\u0131zl\u0131ca bize ula\u015fabilirsiniz.\" \/>\n<meta property=\"og:url\" content=\"https:\/\/www.umitpaslanmaz.com\/magaza\/urun\/paslanmaz-yaka\/\" \/>\n<meta property=\"og:site_name\" content=\"\u00dcmit Paslanmaz\" \/>\n<meta property=\"article:publisher\" content=\"https:\/\/www.facebook.com\/umitpaslanmaz\/\" \/>\n<meta property=\"article:modified_time\" content=\"2024-07-02T06:41:51+00:00\" \/>\n<meta property=\"og:image\" content=\"https:\/\/www.umitpaslanmaz.com\/magaza\/wp-content\/uploads\/2016\/08\/paslanmaz-yaka.jpg\" \/>\n\t<meta property=\"og:image:width\" content=\"1000\" \/>\n\t<meta property=\"og:image:height\" content=\"667\" \/>\n\t<meta property=\"og:image:type\" content=\"image\/jpeg\" \/>\n<meta name=\"twitter:card\" content=\"summary_large_image\" \/>\n<meta name=\"twitter:site\" content=\"@umitpaslanmaz\" \/>\n<script type=\"application\/ld+json\" class=\"yoast-schema-graph\">{\"@context\":\"https:\/\/schema.org\",\"@graph\":[{\"@type\":\"WebPage\",\"@id\":\"https:\/\/www.umitpaslanmaz.com\/magaza\/urun\/paslanmaz-yaka\/\",\"url\":\"https:\/\/www.umitpaslanmaz.com\/magaza\/urun\/paslanmaz-yaka\/\",\"name\":\"Paslanmaz Yaka - Paslanmaz Fittings - \u00dcmit Paslanmaz\",\"isPartOf\":{\"@id\":\"https:\/\/www.umitpaslanmaz.com\/magaza\/#website\"},\"datePublished\":\"2016-08-26T13:58:40+00:00\",\"dateModified\":\"2024-07-02T06:41:51+00:00\",\"description\":\"Paslanmaz yaka sat\u0131n almak ve fiyatlar\u0131 hakk\u0131nda bilgi \u00f6\u011frenmek i\u00e7in sitemizi ziyaret edebilir ve h\u0131zl\u0131ca bize ula\u015fabilirsiniz.\",\"breadcrumb\":{\"@id\":\"https:\/\/www.umitpaslanmaz.com\/magaza\/urun\/paslanmaz-yaka\/#breadcrumb\"},\"inLanguage\":\"tr\",\"potentialAction\":[{\"@type\":\"ReadAction\",\"target\":[\"https:\/\/www.umitpaslanmaz.com\/magaza\/urun\/paslanmaz-yaka\/\"]}]},{\"@type\":\"BreadcrumbList\",\"@id\":\"https:\/\/www.umitpaslanmaz.com\/magaza\/urun\/paslanmaz-yaka\/#breadcrumb\",\"itemListElement\":[{\"@type\":\"ListItem\",\"position\":1,\"name\":\"Ana sayfa\",\"item\":\"https:\/\/www.umitpaslanmaz.com\/magaza\/\"},{\"@type\":\"ListItem\",\"position\":2,\"name\":\"\u00dcr\u00fcnler\",\"item\":\"https:\/\/www.umitpaslanmaz.com\/magaza\/\"},{\"@type\":\"ListItem\",\"position\":3,\"name\":\"Paslanmaz Yaka\"}]},{\"@type\":\"WebSite\",\"@id\":\"https:\/\/www.umitpaslanmaz.com\/magaza\/#website\",\"url\":\"https:\/\/www.umitpaslanmaz.com\/magaza\/\",\"name\":\"\u00dcmit Paslanmaz\",\"description\":\"\",\"potentialAction\":[{\"@type\":\"SearchAction\",\"target\":{\"@type\":\"EntryPoint\",\"urlTemplate\":\"https:\/\/www.umitpaslanmaz.com\/magaza\/?s={search_term_string}\"},\"query-input\":\"required name=search_term_string\"}],\"inLanguage\":\"tr\"}]}<\/script>\n<!-- \/ Yoast SEO plugin. -->","yoast_head_json":{"title":"Paslanmaz Yaka - Paslanmaz Fittings - \u00dcmit Paslanmaz","description":"Paslanmaz yaka sat\u0131n almak ve fiyatlar\u0131 hakk\u0131nda bilgi \u00f6\u011frenmek i\u00e7in sitemizi ziyaret edebilir ve h\u0131zl\u0131ca bize ula\u015fabilirsiniz.","robots":{"index":"index","follow":"follow","max-snippet":"max-snippet:-1","max-image-preview":"max-image-preview:large","max-video-preview":"max-video-preview:-1"},"canonical":"https:\/\/www.umitpaslanmaz.com\/magaza\/urun\/paslanmaz-yaka\/","og_locale":"tr_TR","og_type":"article","og_title":"Paslanmaz Yaka - Paslanmaz Fittings - \u00dcmit Paslanmaz","og_description":"Paslanmaz yaka sat\u0131n almak ve fiyatlar\u0131 hakk\u0131nda bilgi \u00f6\u011frenmek i\u00e7in sitemizi ziyaret edebilir ve h\u0131zl\u0131ca bize ula\u015fabilirsiniz.","og_url":"https:\/\/www.umitpaslanmaz.com\/magaza\/urun\/paslanmaz-yaka\/","og_site_name":"\u00dcmit Paslanmaz","article_publisher":"https:\/\/www.facebook.com\/umitpaslanmaz\/","article_modified_time":"2024-07-02T06:41:51+00:00","og_image":[{"width":1000,"height":667,"url":"https:\/\/www.umitpaslanmaz.com\/magaza\/wp-content\/uploads\/2016\/08\/paslanmaz-yaka.jpg","type":"image\/jpeg"}],"twitter_card":"summary_large_image","twitter_site":"@umitpaslanmaz","schema":{"@context":"https:\/\/schema.org","@graph":[{"@type":"WebPage","@id":"https:\/\/www.umitpaslanmaz.com\/magaza\/urun\/paslanmaz-yaka\/","url":"https:\/\/www.umitpaslanmaz.com\/magaza\/urun\/paslanmaz-yaka\/","name":"Paslanmaz Yaka - Paslanmaz Fittings - \u00dcmit Paslanmaz","isPartOf":{"@id":"https:\/\/www.umitpaslanmaz.com\/magaza\/#website"},"datePublished":"2016-08-26T13:58:40+00:00","dateModified":"2024-07-02T06:41:51+00:00","description":"Paslanmaz yaka sat\u0131n almak ve fiyatlar\u0131 hakk\u0131nda bilgi \u00f6\u011frenmek i\u00e7in sitemizi ziyaret edebilir ve h\u0131zl\u0131ca bize ula\u015fabilirsiniz.","breadcrumb":{"@id":"https:\/\/www.umitpaslanmaz.com\/magaza\/urun\/paslanmaz-yaka\/#breadcrumb"},"inLanguage":"tr","potentialAction":[{"@type":"ReadAction","target":["https:\/\/www.umitpaslanmaz.com\/magaza\/urun\/paslanmaz-yaka\/"]}]},{"@type":"BreadcrumbList","@id":"https:\/\/www.umitpaslanmaz.com\/magaza\/urun\/paslanmaz-yaka\/#breadcrumb","itemListElement":[{"@type":"ListItem","position":1,"name":"Ana sayfa","item":"https:\/\/www.umitpaslanmaz.com\/magaza\/"},{"@type":"ListItem","position":2,"name":"\u00dcr\u00fcnler","item":"https:\/\/www.umitpaslanmaz.com\/magaza\/"},{"@type":"ListItem","position":3,"name":"Paslanmaz Yaka"}]},{"@type":"WebSite","@id":"https:\/\/www.umitpaslanmaz.com\/magaza\/#website","url":"https:\/\/www.umitpaslanmaz.com\/magaza\/","name":"\u00dcmit Paslanmaz","description":"","potentialAction":[{"@type":"SearchAction","target":{"@type":"EntryPoint","urlTemplate":"https:\/\/www.umitpaslanmaz.com\/magaza\/?s={search_term_string}"},"query-input":"required name=search_term_string"}],"inLanguage":"tr"}]}},"_links":{"self":[{"href":"https:\/\/www.umitpaslanmaz.com\/magaza\/wp-json\/wp\/v2\/product\/1715"}],"collection":[{"href":"https:\/\/www.umitpaslanmaz.com\/magaza\/wp-json\/wp\/v2\/product"}],"about":[{"href":"https:\/\/www.umitpaslanmaz.com\/magaza\/wp-json\/wp\/v2\/types\/product"}],"replies":[{"embeddable":true,"href":"https:\/\/www.umitpaslanmaz.com\/magaza\/wp-json\/wp\/v2\/comments?post=1715"}],"wp:featuredmedia":[{"embeddable":true,"href":"https:\/\/www.umitpaslanmaz.com\/magaza\/wp-json\/wp\/v2\/media\/1716"}],"wp:attachment":[{"href":"https:\/\/www.umitpaslanmaz.com\/magaza\/wp-json\/wp\/v2\/media?parent=1715"}],"wp:term":[{"taxonomy":"product_cat","embeddable":true,"href":"https:\/\/www.umitpaslanmaz.com\/magaza\/wp-json\/wp\/v2\/product_cat?post=1715"},{"taxonomy":"product_tag","embeddable":true,"href":"https:\/\/www.umitpaslanmaz.com\/magaza\/wp-json\/wp\/v2\/product_tag?post=1715"}],"curies":[{"name":"wp","href":"https:\/\/api.w.org\/{rel}","templated":true}]}}